{"id":25,"date":"2023-10-25T17:57:18","date_gmt":"2023-10-25T15:57:18","guid":{"rendered":"https:\/\/reto10kcoproductor.digitaleducationmarketing.com\/?page_id=25"},"modified":"2023-10-25T17:57:49","modified_gmt":"2023-10-25T15:57:49","slug":"gracias","status":"publish","type":"page","link":"https:\/\/reto10kcoproductor.digitaleducationmarketing.com\/index.php\/gracias\/","title":{"rendered":"gracias"},"content":{"rendered":"\t\t<div data-elementor-type=\"wp-page\" data-elementor-id=\"25\" class=\"elementor elementor-25\" data-elementor-post-type=\"page\">\n\t\t\t\t\t\t<section class=\"elementor-section elementor-top-section elementor-element elementor-element-69e5b16a elementor-section-boxed elementor-section-height-default elementor-section-height-default\" data-id=\"69e5b16a\" data-element_type=\"section\" data-settings=\"{&quot;background_background&quot;:&quot;classic&quot;}\">\n\t\t\t\t\t\t\t<div class=\"elementor-background-overlay\"><\/div>\n\t\t\t\t\t\t\t<div class=\"elementor-container elementor-column-gap-default\">\n\t\t\t\t\t<div class=\"elementor-column elementor-col-50 elementor-top-column elementor-element elementor-element-acad565\" data-id=\"acad565\" data-element_type=\"column\">\n\t\t\t<div class=\"elementor-widget-wrap elementor-element-populated\">\n\t\t\t\t\t\t<div class=\"elementor-element elementor-element-51d28b52 elementor-widget elementor-widget-heading\" data-id=\"51d28b52\" data-element_type=\"widget\" data-widget_type=\"heading.default\">\n\t\t\t\t<div class=\"elementor-widget-container\">\n\t\t\t<style>\/*! elementor - v3.23.0 - 05-08-2024 *\/\n.elementor-heading-title{padding:0;margin:0;line-height:1}.elementor-widget-heading .elementor-heading-title[class*=elementor-size-]>a{color:inherit;font-size:inherit;line-height:inherit}.elementor-widget-heading .elementor-heading-title.elementor-size-small{font-size:15px}.elementor-widget-heading .elementor-heading-title.elementor-size-medium{font-size:19px}.elementor-widget-heading .elementor-heading-title.elementor-size-large{font-size:29px}.elementor-widget-heading .elementor-heading-title.elementor-size-xl{font-size:39px}.elementor-widget-heading .elementor-heading-title.elementor-size-xxl{font-size:59px}<\/style><h2 class=\"elementor-heading-title elementor-size-default\">FELICIDADES<\/h2>\t\t<\/div>\n\t\t\t\t<\/div>\n\t\t\t\t<div class=\"elementor-element elementor-element-6893254f elementor-widget elementor-widget-text-editor\" data-id=\"6893254f\" data-element_type=\"widget\" data-widget_type=\"text-editor.default\">\n\t\t\t\t<div class=\"elementor-widget-container\">\n\t\t\t<style>\/*! elementor - v3.23.0 - 05-08-2024 *\/\n.elementor-widget-text-editor.elementor-drop-cap-view-stacked .elementor-drop-cap{background-color:#69727d;color:#fff}.elementor-widget-text-editor.elementor-drop-cap-view-framed .elementor-drop-cap{color:#69727d;border:3px solid;background-color:transparent}.elementor-widget-text-editor:not(.elementor-drop-cap-view-default) .elementor-drop-cap{margin-top:8px}.elementor-widget-text-editor:not(.elementor-drop-cap-view-default) .elementor-drop-cap-letter{width:1em;height:1em}.elementor-widget-text-editor .elementor-drop-cap{float:left;text-align:center;line-height:1;font-size:50px}.elementor-widget-text-editor .elementor-drop-cap-letter{display:inline-block}<\/style>\t\t\t\t<p><span style=\"font-weight: 400;\">\u00a1AHORA <\/span><b>S\u00d3LO TE FALTA UN PASO<\/b><span style=\"font-weight: 400;\"> PARA COMPLETAR TU REGISTRO!<\/span><\/p>\t\t\t\t\t\t<\/div>\n\t\t\t\t<\/div>\n\t\t\t\t<div class=\"elementor-element elementor-element-78edc2e6 elementor-widget elementor-widget-progress\" data-id=\"78edc2e6\" data-element_type=\"widget\" data-widget_type=\"progress.default\">\n\t\t\t\t<div class=\"elementor-widget-container\">\n\t\t\t<style>\/*! elementor - v3.23.0 - 05-08-2024 *\/\n.elementor-widget-progress{text-align:start}.elementor-progress-wrapper{position:relative;background-color:#eee;color:#fff;height:100%;border-radius:2px}.elementor-progress-bar{display:flex;background-color:#69727d;width:0;font-size:11px;height:30px;line-height:30px;border-radius:2px;transition:width 1s ease-in-out}.elementor-progress-text{flex-grow:1;white-space:nowrap;text-overflow:ellipsis;overflow:hidden;padding-inline-start:15px}.elementor-progress-percentage{padding-inline-end:15px}.elementor-widget-progress .elementor-progress-wrapper.progress-info .elementor-progress-bar{background-color:#5bc0de}.elementor-widget-progress .elementor-progress-wrapper.progress-success .elementor-progress-bar{background-color:#5cb85c}.elementor-widget-progress .elementor-progress-wrapper.progress-warning .elementor-progress-bar{background-color:#f0ad4e}.elementor-widget-progress .elementor-progress-wrapper.progress-danger .elementor-progress-bar{background-color:#d9534f}.elementor-progress .elementor-title{display:block}@media (max-width:767px){.elementor-progress-text{padding-inline-start:10px}}.e-con-inner .elementor-progress-wrapper,.e-con .elementor-progress-wrapper{height:auto}<\/style>\n\t\t<div class=\"elementor-progress-wrapper\" role=\"progressbar\" aria-valuemin=\"0\" aria-valuemax=\"100\" aria-valuenow=\"80\" aria-valuetext=\"80% (Taller: Lanzamiento como co-productor)\">\n\t\t\t<div class=\"elementor-progress-bar\" data-max=\"80\">\n\t\t\t\t<span class=\"elementor-progress-text\">Taller: Lanzamiento como co-productor<\/span>\n\t\t\t\t\t\t\t\t\t<span class=\"elementor-progress-percentage\">80%<\/span>\n\t\t\t\t\t\t\t<\/div>\n\t\t<\/div>\n\t\t\t\t<\/div>\n\t\t\t\t<\/div>\n\t\t\t\t<div class=\"elementor-element elementor-element-717fd04d elementor-align-center elementor-widget elementor-widget-button\" data-id=\"717fd04d\" data-element_type=\"widget\" data-widget_type=\"button.default\">\n\t\t\t\t<div class=\"elementor-widget-container\">\n\t\t\t\t\t<div class=\"elementor-button-wrapper\">\n\t\t\t<a class=\"elementor-button elementor-button-link elementor-size-sm elementor-animation-grow\" href=\"https:\/\/chat.whatsapp.com\/KYaaXx81lIJJrfpsp9GWhj\">\n\t\t\t\t\t\t<span class=\"elementor-button-content-wrapper\">\n\t\t\t\t\t\t\t\t\t<span class=\"elementor-button-text\">UNIRME A LA COMUNIDAD DE WHATSAPP!<\/span>\n\t\t\t\t\t<\/span>\n\t\t\t\t\t<\/a>\n\t\t<\/div>\n\t\t\t\t<\/div>\n\t\t\t\t<\/div>\n\t\t\t\t<div class=\"elementor-element elementor-element-6729756a elementor-widget elementor-widget-text-editor\" data-id=\"6729756a\" data-element_type=\"widget\" data-widget_type=\"text-editor.default\">\n\t\t\t\t<div class=\"elementor-widget-container\">\n\t\t\t\t\t\t\t<p>Ingrese al <span style=\"text-decoration: underline;\"><strong>grupo exclusivo de Whatsapp<\/strong><\/span> donde se enviar\u00e1 el link para unirse a la clase gratuita.<\/p><p><em>De no unirse en los pr\u00f3ximos minutos, perder\u00e1 su cupo y ser\u00e1 entregado a la siguiente persona en cola.<\/em><\/p>\t\t\t\t\t\t<\/div>\n\t\t\t\t<\/div>\n\t\t\t\t<div class=\"elementor-element elementor-element-53ea91f9 elementor-widget elementor-widget-image\" data-id=\"53ea91f9\" data-element_type=\"widget\" data-widget_type=\"image.default\">\n\t\t\t\t<div class=\"elementor-widget-container\">\n\t\t\t<style>\/*! elementor - v3.23.0 - 05-08-2024 *\/\n.elementor-widget-image{text-align:center}.elementor-widget-image a{display:inline-block}.elementor-widget-image a img[src$=\".svg\"]{width:48px}.elementor-widget-image img{vertical-align:middle;display:inline-block}<\/style>\t\t\t\t\t\t\t\t\t\t<img fetchpriority=\"high\" decoding=\"async\" width=\"855\" height=\"730\" src=\"https:\/\/reto10kcoproductor.digitaleducationmarketing.com\/wp-content\/uploads\/2023\/10\/e-book.png\" class=\"attachment-large size-large wp-image-18\" alt=\"\" srcset=\"https:\/\/reto10kcoproductor.digitaleducationmarketing.com\/wp-content\/uploads\/2023\/10\/e-book.png 855w, https:\/\/reto10kcoproductor.digitaleducationmarketing.com\/wp-content\/uploads\/2023\/10\/e-book-300x256.png 300w, https:\/\/reto10kcoproductor.digitaleducationmarketing.com\/wp-content\/uploads\/2023\/10\/e-book-768x656.png 768w\" sizes=\"(max-width: 855px) 100vw, 855px\" \/>\t\t\t\t\t\t\t\t\t\t\t\t\t<\/div>\n\t\t\t\t<\/div>\n\t\t\t\t<div class=\"elementor-element elementor-element-3395b510 elementor-widget elementor-widget-text-editor\" data-id=\"3395b510\" data-element_type=\"widget\" data-widget_type=\"text-editor.default\">\n\t\t\t\t<div class=\"elementor-widget-container\">\n\t\t\t\t\t\t\t<p><span style=\"color: #ffffff;\">Al ingresar ahora te regalaremos nuestro e-book &#8220;Fuera de Serie &#8211; Lanzamientos como coproductor&#8221;<\/span><\/p>\t\t\t\t\t\t<\/div>\n\t\t\t\t<\/div>\n\t\t\t\t<div class=\"elementor-element elementor-element-1e531c88 elementor-widget elementor-widget-image\" data-id=\"1e531c88\" data-element_type=\"widget\" data-widget_type=\"image.default\">\n\t\t\t\t<div class=\"elementor-widget-container\">\n\t\t\t\t\t\t\t\t\t\t\t\t\t<img decoding=\"async\" width=\"984\" height=\"1024\" src=\"https:\/\/reto10kcoproductor.digitaleducationmarketing.com\/wp-content\/uploads\/2023\/10\/benabg1-984x1024.png\" class=\"attachment-large size-large wp-image-14\" alt=\"\" srcset=\"https:\/\/reto10kcoproductor.digitaleducationmarketing.com\/wp-content\/uploads\/2023\/10\/benabg1-984x1024.png 984w, https:\/\/reto10kcoproductor.digitaleducationmarketing.com\/wp-content\/uploads\/2023\/10\/benabg1-288x300.png 288w, https:\/\/reto10kcoproductor.digitaleducationmarketing.com\/wp-content\/uploads\/2023\/10\/benabg1-768x799.png 768w, https:\/\/reto10kcoproductor.digitaleducationmarketing.com\/wp-content\/uploads\/2023\/10\/benabg1.png 1225w\" sizes=\"(max-width: 984px) 100vw, 984px\" \/>\t\t\t\t\t\t\t\t\t\t\t\t\t<\/div>\n\t\t\t\t<\/div>\n\t\t\t\t<div class=\"elementor-element elementor-element-2837d72c elementor-widget elementor-widget-text-editor\" data-id=\"2837d72c\" data-element_type=\"widget\" data-widget_type=\"text-editor.default\">\n\t\t\t\t<div class=\"elementor-widget-container\">\n\t\t\t\t\t\t\t<p>Nos vemos dentro!<br \/><br \/><\/p>\t\t\t\t\t\t<\/div>\n\t\t\t\t<\/div>\n\t\t\t\t\t<\/div>\n\t\t<\/div>\n\t\t\t\t<div class=\"elementor-column elementor-col-50 elementor-top-column elementor-element elementor-element-15194086\" data-id=\"15194086\" data-element_type=\"column\">\n\t\t\t<div class=\"elementor-widget-wrap\">\n\t\t\t\t\t\t\t<\/div>\n\t\t<\/div>\n\t\t\t\t\t<\/div>\n\t\t<\/section>\n\t\t\t\t<section class=\"elementor-section elementor-top-section elementor-element elementor-element-3acaf8d1 elementor-section-boxed elementor-section-height-default elementor-section-height-default\" data-id=\"3acaf8d1\" data-element_type=\"section\" data-settings=\"{&quot;background_background&quot;:&quot;classic&quot;}\">\n\t\t\t\t\t\t<div class=\"elementor-container elementor-column-gap-default\">\n\t\t\t\t\t<div class=\"elementor-column elementor-col-100 elementor-top-column elementor-element elementor-element-73f5802b\" data-id=\"73f5802b\" data-element_type=\"column\">\n\t\t\t<div class=\"elementor-widget-wrap elementor-element-populated\">\n\t\t\t\t\t\t<div class=\"elementor-element elementor-element-40f5594e elementor-widget elementor-widget-heading\" data-id=\"40f5594e\" data-element_type=\"widget\" data-widget_type=\"heading.default\">\n\t\t\t\t<div class=\"elementor-widget-container\">\n\t\t\t<h2 class=\"elementor-heading-title elementor-size-default\">NOT FACEBOOK: This site is not a part of the Facebook website or Facebook Inc. Additionally, This site is NOT endorsed by Facebook in any way. FACEBOOK is a trademark of FACEBOOK, Inc. \"Este sitio es para uso del p\u00fablico en general, el uso del sitio web se rige por los siguientes pol\u00edticas de privacidad, que debe leer antes de usar el sitio.\"<\/h2>\t\t<\/div>\n\t\t\t\t<\/div>\n\t\t\t\t<div class=\"elementor-element elementor-element-743c74b7 elementor-widget elementor-widget-heading\" data-id=\"743c74b7\" data-element_type=\"widget\" data-widget_type=\"heading.default\">\n\t\t\t\t<div class=\"elementor-widget-container\">\n\t\t\t<h2 class=\"elementor-heading-title elementor-size-default\">JOHN BENA\u00a9 TODOS LOS DERECHOS RESERVADOS\n<\/h2>\t\t<\/div>\n\t\t\t\t<\/div>\n\t\t\t\t\t<\/div>\n\t\t<\/div>\n\t\t\t\t\t<\/div>\n\t\t<\/section>\n\t\t\t\t<\/div>\n\t\t","protected":false},"excerpt":{"rendered":"<p>FELICIDADES \u00a1AHORA S\u00d3LO TE FALTA UN PASO PARA COMPLETAR TU REGISTRO! Taller: Lanzamiento como co-productor 80% UNIRME A LA COMUNIDAD DE WHATSAPP! Ingrese al grupo exclusivo de Whatsapp donde se enviar\u00e1 el link para unirse a la clase gratuita. De no unirse en los pr\u00f3ximos minutos, perder\u00e1 su cupo y ser\u00e1 entregado a la siguiente [&hellip;]<\/p>\n","protected":false},"author":1,"featured_media":0,"parent":0,"menu_order":0,"comment_status":"closed","ping_status":"closed","template":"elementor_canvas","meta":{"footnotes":""},"_links":{"self":[{"href":"https:\/\/reto10kcoproductor.digitaleducationmarketing.com\/index.php\/wp-json\/wp\/v2\/pages\/25"}],"collection":[{"href":"https:\/\/reto10kcoproductor.digitaleducationmarketing.com\/index.php\/wp-json\/wp\/v2\/pages"}],"about":[{"href":"https:\/\/reto10kcoproductor.digitaleducationmarketing.com\/index.php\/wp-json\/wp\/v2\/types\/page"}],"author":[{"embeddable":true,"href":"https:\/\/reto10kcoproductor.digitaleducationmarketing.com\/index.php\/wp-json\/wp\/v2\/users\/1"}],"replies":[{"embeddable":true,"href":"https:\/\/reto10kcoproductor.digitaleducationmarketing.com\/index.php\/wp-json\/wp\/v2\/comments?post=25"}],"version-history":[{"count":4,"href":"https:\/\/reto10kcoproductor.digitaleducationmarketing.com\/index.php\/wp-json\/wp\/v2\/pages\/25\/revisions"}],"predecessor-version":[{"id":30,"href":"https:\/\/reto10kcoproductor.digitaleducationmarketing.com\/index.php\/wp-json\/wp\/v2\/pages\/25\/revisions\/30"}],"wp:attachment":[{"href":"https:\/\/reto10kcoproductor.digitaleducationmarketing.com\/index.php\/wp-json\/wp\/v2\/media?parent=25"}],"curies":[{"name":"wp","href":"https:\/\/api.w.org\/{rel}","templated":true}]}}